{"id":834,"date":"2024-02-15T09:10:45","date_gmt":"2024-02-15T09:10:45","guid":{"rendered":"https:\/\/wegemvz.com\/imprint\/"},"modified":"2025-02-03T14:36:50","modified_gmt":"2025-02-03T14:36:50","slug":"imprint","status":"publish","type":"page","link":"https:\/\/wegemvz.com\/en\/imprint\/","title":{"rendered":"Imprint"},"content":{"rendered":"\r\n<section id=\"c31701\" data-slug=\"impressum\">\r\n<div class=\"container\">\r\n<div class=\"row \">\r\n<div class=\"col-xs-12 offset-lg-1 col-lg-10\">\r\n<div class=\"picture-text-flow-left\">\r\n<div class=\"ce-bodytext\">\r\n<p><b>MVZ WEGE Bonn GmbH<\/b> <span style=\"font-weight: 400;\"><br \/><\/span><span style=\"font-weight: 400;\">Villenstra\u00dfe 8<\/span><span style=\"font-weight: 400;\"><br \/><\/span><span style=\"font-weight: 400;\">53129 Bonn<\/span><\/p>\r\n<p><span style=\"font-weight: 400;\">Tel. +49 228 5306 202<\/span><span style=\"font-weight: 400;\"><br \/><\/span><span style=\"font-weight: 400;\">Fax +49 228 5306 205<\/span><span style=\"font-weight: 400;\"><br \/><\/span><span style=\"font-weight: 400;\">E-Mail:\u00a0<\/span><a href=\"mailto:info@wegemvz.org\"><span style=\"font-weight: 400;\">info@wegemvz.org<\/span><\/a><span style=\"font-weight: 400;\">\u00a0\u00a0\u00a0<\/span><\/p>\r\n<p>&nbsp;<\/p>\r\n<p><span style=\"font-weight: 400;\">Handelsregister: HRB 17340<\/span><span style=\"font-weight: 400;\"><br \/><\/span><span style=\"font-weight: 400;\">Registergericht: Bonn\u00a0<\/span><\/p>\r\n<p>&nbsp;<\/p>\r\n<p><b>Umsatzsteuer-Identifikationsnummer: <\/b><span style=\"font-weight: 400;\">DE266857541<\/span><\/p>\r\n<p>&nbsp;<\/p>\r\n<p><b>Betriebsst\u00e4tten-Nr.: <\/b><span style=\"font-weight: 400;\">275366500<\/span><\/p>\r\n<p>&nbsp;<\/p>\r\n<p><b>Vertretungsberechtigt:<\/b><\/p>\r\n<p>&nbsp;<\/p>\r\n<p><span style=\"font-weight: 400;\">Gesch\u00e4ftsf\u00fchrer: Allen, Michael John, Mailand \/ Italien<\/span><\/p>\r\n<p><span style=\"font-weight: 400;\">Gesch\u00e4ftsf\u00fchrer: Klenner, Lutz, Mainz<\/span><\/p>\r\n<p>&nbsp;<\/p>\r\n<p><b>Zust\u00e4ndige Aufsichtsbeh\u00f6rde:<\/b><\/p>\r\n<p>&nbsp;<\/p>\r\n<p><span style=\"font-weight: 400;\">Dies sind als<\/span><\/p>\r\n<p>&nbsp;<\/p>\r\n<p><span style=\"font-weight: 400;\">Untere Aufsichtsbeh\u00f6rde:<\/span><\/p>\r\n<p>&nbsp;<\/p>\r\n<p><span style=\"font-weight: 400;\">Kassen\u00e4rztliche Vereinigung Nordrhein<\/span><\/p>\r\n<p><span style=\"font-weight: 400;\">Tersteegenstr. 9<\/span><\/p>\r\n<p><span style=\"font-weight: 400;\">40474 D\u00fcsseldorf<\/span><\/p>\r\n<p><span style=\"font-weight: 400;\">Telefon 0211 4302-0<\/span><\/p>\r\n<p><span style=\"font-weight: 400;\">E-Mail: kvno.hauptstelle@kvno.de<\/span><\/p>\r\n<p>&nbsp;<\/p>\r\n<p><span style=\"font-weight: 400;\">H\u00f6here Aufsichtsbeh\u00f6rde:<\/span><\/p>\r\n<p>&nbsp;<\/p>\r\n<p><span style=\"font-weight: 400;\">Bezirksregierung K\u00f6ln<\/span><\/p>\r\n<p><span style=\"font-weight: 400;\">Zeughausstr. 2-10\u00a0\u00a0<\/span><\/p>\r\n<p><span style=\"font-weight: 400;\">50667 K\u00f6ln<\/span><\/p>\r\n<p><span style=\"font-weight: 400;\">E-Mail: poststelle@bezreg-koeln.nrw.de<\/span><\/p>\r\n<p>&nbsp;<\/p>\r\n<p><span style=\"font-weight: 400;\">H\u00f6chste Aufsichtsbeh\u00f6rde:<\/span><\/p>\r\n<p>&nbsp;<\/p>\r\n<p><span style=\"font-weight: 400;\">Ministerium f\u00fcr Arbeit, Gesundheit und Soziales NRW<\/span><\/p>\r\n<p><span style=\"font-weight: 400;\">F\u00fcrstenwall 25<\/span><\/p>\r\n<p><span style=\"font-weight: 400;\">40219 D\u00fcsseldorf<\/span><\/p>\r\n<p><span style=\"font-weight: 400;\">E-Mail: poststelle@mags.nrw.de<\/span><\/p>\r\n<p>&nbsp;<\/p>\r\n<p><b>Zust\u00e4ndige \u00c4rztekammer<\/b><\/p>\r\n<p>&nbsp;<\/p>\r\n<p><span style=\"font-weight: 400;\">Die f\u00fcr die MVZ WEGE Bonn GmbH t\u00e4tigen \u00c4rzte und \u00c4rztinnen sind Mitglieder der \u00c4rztekammer Nordrhein. Die \u00c4rzte unterliegen der Berufsordnung dieser \u00c4rztekammer.<\/span><\/p>\r\n<p>&nbsp;<\/p>\r\n<p><span style=\"font-weight: 400;\">\u00c4rztekammer Nordrhein<\/span><\/p>\r\n<p><span style=\"font-weight: 400;\">K\u00f6rperschaft des \u00f6ffentlichen Rechts<\/span><\/p>\r\n<p><span style=\"font-weight: 400;\">Tersteegenstr. 9<\/span><\/p>\r\n<p><span style=\"font-weight: 400;\">40474 D\u00fcsseldorf<\/span><\/p>\r\n<p><span style=\"font-weight: 400;\">E-Mail: aerztekammer@aekno.de<\/span><\/p>\r\n<p>&nbsp;<\/p>\r\n<p><b>Berufsbezeichnung:\u00a0<\/b><\/p>\r\n<p>&nbsp;<\/p>\r\n<p><span style=\"font-weight: 400;\">Gesetzliche Berufsbezeichnung \u201e\u00c4rztin \/ Arzt\u201c gem\u00e4\u00df (AppO\u00c4):<\/span><\/p>\r\n<p><span style=\"font-weight: 400;\">gilt f\u00fcr alle namentlich genannten \u00c4rzte der MVZ WEGE Bonn GmbH.<\/span><\/p>\r\n<p>&nbsp;<\/p>\r\n<p><b>Staat, in dem die Berufsbezeichnung verliehen worden ist:<\/b><span style=\"font-weight: 400;\"><br \/><br \/><\/span><\/p>\r\n<p><span style=\"font-weight: 400;\">Bundesrepublik Deutschland,<\/span><span style=\"font-weight: 400;\"><br \/><\/span><span style=\"font-weight: 400;\">soweit nicht ausdr\u00fccklich anders angegeben<\/span><\/p>\r\n<p>&nbsp;<\/p>\r\n<p><b>Berufsordnung f\u00fcr die \u00c4rztinnen und \u00c4rzte:<\/b><span style=\"font-weight: 400;\"><br \/><\/span><span style=\"font-weight: 400;\">F\u00fcr die in Deutschland zugelassenen \u00c4rztinnen und \u00c4rzte in Nordrhein-Westfalen sind die ma\u00dfgeblichen berufsrechtlichen Regelungen insbesondere die Bundes\u00e4rzteordnung, die Berufsordnung der \u00c4rztekammer Nordrhein, das Heilberufsgesetz Nordrhein-Westfalen und das Sozialgesetzbuch V. Diese sind abrufbar und k\u00f6nnen heruntergeladen werden unter<\/span><\/p>\r\n<p><a href=\"https:\/\/www.gesetze-im-internet.de\/b_o\/BJNR018570961.html\"><span style=\"font-weight: 400;\">Bundes\u00e4rzteordnung<\/span><\/a><\/p>\r\n<p><a href=\"https:\/\/www.aekno.de\/aerzte\/berufsordnung\"><span style=\"font-weight: 400;\">Berufsordnung der \u00c4rztekammer Nordrhein<\/span><\/a><\/p>\r\n<p><a href=\"https:\/\/www.aekno.de\/aerzte\/rechtsgrundlagen\/heilberufsgesetz-nrw\"><span style=\"font-weight: 400;\">Heilberufsgesetz NRW &#8211; \u00c4rztekammer Nordrhein<\/span><\/a><\/p>\r\n<p><span style=\"font-weight: 400;\">Sozialgesetzbuch V<\/span><\/p>\r\n<p>&nbsp;<\/p>\r\n<p><b>Angaben zu den am MVZ t\u00e4tigen \u00c4rzten:<\/b><\/p>\r\n<p><span style=\"font-weight: 400;\">Prof. Dr. med. Michael Pinkawa (Arzt)<\/span><span style=\"font-weight: 400;\"><br \/><\/span><span style=\"font-weight: 400;\">\u00c4rztlicher Leiter des MVZ WEGE Bonn<\/span><span style=\"font-weight: 400;\"><br \/><\/span><span style=\"font-weight: 400;\">Die Berufsbezeichnung Arzt wurde in Deutschland verliehen.<\/span><\/p>\r\n<p><span style=\"font-weight: 400;\">Prof. Dr. med. Jan Bostr\u00f6m (Arzt)<\/span><span style=\"font-weight: 400;\"><br \/><\/span><span style=\"font-weight: 400;\">Die Berufsbezeichnung Arzt wurde in Deutschland verliehen.<\/span><\/p>\r\n<p><span style=\"font-weight: 400;\">PD Dr. med. Azize Bostr\u00f6m<\/span><span style=\"font-weight: 400;\"><br \/><\/span><span style=\"font-weight: 400;\">Die Berufsbezeichnung \u00c4rztin wurde in Deutschland verliehen.<\/span><\/p>\r\n<p><span style=\"font-weight: 400;\">Dr. med. Susanne Temming<\/span><span style=\"font-weight: 400;\"><br \/><\/span><span style=\"font-weight: 400;\">Die Berufsbezeichnung \u00c4rztin wurde in Deutschland verliehen.<\/span><\/p>\r\n<p><span style=\"font-weight: 400;\">Dr. med. Ludmilla Cronenberg<\/span><span style=\"font-weight: 400;\"><br \/><\/span><span style=\"font-weight: 400;\">Die Berufsbezeichnung \u00c4rztin wurde in Deutschland verliehen.<\/span><\/p>\r\n<p>&nbsp;<\/p>\r\n<p><b>Verantwortliche f\u00fcr den Inhalt nach \u00a7 18 Abs. 2 MStV:<\/b><span style=\"font-weight: 400;\"><br \/><\/span><span style=\"font-weight: 400;\">John Allen, Lutz Klenner, Gesch\u00e4ftsf\u00fchrer des MVZ WEGE Bonn<\/span><\/p>\r\n<p><span style=\"font-weight: 400;\">Villenstra\u00dfe 8<\/span><\/p>\r\n<p><span style=\"font-weight: 400;\">53129 Bonn<\/span><\/p>\r\n<p>&nbsp;<\/p>\r\n<p><b>Hinweis zum Datenschutz:<\/b><span style=\"font-weight: 400;\"><br \/><\/span><span style=\"font-weight: 400;\">Die Website kann grunds\u00e4tzlich anonym genutzt werden. Unsere Datenschutzhinweise finden Sie unter <a href=\"https:\/\/wegemvz.com\/datenschutz\/\">https:\/\/wegemvz.com\/datenschutz\/<\/a><\/span><span style=\"font-weight: 400;\">.<\/span><\/p>\r\n<p>&nbsp;<\/p>\r\n<p><b>Haftung:<\/b><span style=\"font-weight: 400;\"><br \/><\/span><span style=\"font-weight: 400;\">Wir sind f\u00fcr die Inhalte unserer Internetseiten nach den Ma\u00dfgaben der allgemeinen Gesetze verantwortlich. Alle Inhalte werden mit der gebotenen Sorgfalt und nach bestem Wissen erstellt und dienen lediglich rein informativen Zwecken. Soweit wir auf unseren Internetseiten mittels Hyperlink auf Internetseiten Dritter verweisen, k\u00f6nnen wir keine Gew\u00e4hr f\u00fcr die fortw\u00e4hrende Aktualit\u00e4t, Richtigkeit und Vollst\u00e4ndigkeit der verlinkten Inhalte \u00fcbernehmen, da diese Inhalte au\u00dferhalb unseres Verantwortungsbereichs liegen und wir auf die zuk\u00fcnftige Gestaltung keinen Einfluss haben. Wir machen uns dortige Inhalte nicht zu eigen. Sollten aus Ihrer Sicht Inhalte gegen geltendes Recht versto\u00dfen oder unangemessen sein, teilen Sie uns dies bitte mit.<\/span><\/p>\r\n<p>&nbsp;<\/p>\r\n<p><b>Verbraucherstreitbeilegung\/Universalschlichtungsstelle<\/b><b><br \/><\/b><span style=\"font-weight: 400;\">Die MVZ WEGE Bonn GmbH ist weder verpflichtet noch bereit, an einem Streitbeilegungsverfahren vor einer Verbraucherschlichtungsstelle teilzunehmen. Zust\u00e4ndig ist die Universalschlichtungsstelle des Zentrums f\u00fcr Schlichtung e.V., Stra\u00dfburger Stra\u00dfe 8, 77694 Kehl am Rhein (<\/span><a href=\"https:\/\/www.universalschlichtungsstelle.de\/\"><span style=\"font-weight: 400;\">https:\/\/www.verbraucher-schlichter.de<\/span><\/a><span style=\"font-weight: 400;\">).<\/span><\/p>\r\n<p><span style=\"font-weight: 400;\">Aufgrund einer gesetzlichen Vorgabe sind wir verpflichtet, Sie unabh\u00e4ngig von unserer Teilnahme an einem Verfahren zur alternativen Streitbeilegung dar\u00fcber zu informieren, dass die Europ\u00e4ische Kommission zur au\u00dfergerichtlichen Streitbeilegung von verbraucherrechtlichen Streitigkeiten eine Plattform zur Online-Streitbeilegung (OS) eingerichtet hat. Die Plattform finden Sie unter <\/span><a href=\"https:\/\/ec.europa.eu\/consumers\/odr\/main\/index.cfm?event=main.home.chooseLanguage\"><span style=\"font-weight: 400;\">https:\/\/ec.europa.eu\/consumers\/odr\/<\/span><\/a><span style=\"font-weight: 400;\">. Die MVZ WEGE Bonn GmbH ist weder verpflichtet noch bereit, an diesem Streitbeilegungsverfahren teilzunehmen.<\/span><\/p>\r\n<\/div>\r\n<\/div>\r\n<\/div>\r\n<\/div>\r\n<\/div>\r\n<\/section>\r\n","protected":false},"excerpt":{"rendered":"<p>MVZ WEGE Bonn GmbH Villenstra\u00dfe 853129 Bonn Tel. +49 228 5306 202Fax +49 228 5306 205E-Mail:\u00a0info@wegemvz.org\u00a0\u00a0\u00a0 &nbsp; Handelsregister: HRB 17340Registergericht: Bonn\u00a0 &nbsp; Umsatzsteuer-Identifikationsnummer: DE266857541 &nbsp; Betriebsst\u00e4tten-Nr.: 275366500 &nbsp; Vertretungsberechtigt: &nbsp; Gesch\u00e4ftsf\u00fchrer: Allen, Michael John, Mailand \/ Italien Gesch\u00e4ftsf\u00fchrer: Klenner, Lutz, Mainz &nbsp; Zust\u00e4ndige Aufsichtsbeh\u00f6rde: &nbsp; Dies sind als &nbsp; Untere Aufsichtsbeh\u00f6rde: &nbsp; Kassen\u00e4rztliche Vereinigung Nordrhein [&hellip;]<\/p>\n","protected":false},"author":1,"featured_media":0,"parent":0,"menu_order":0,"comment_status":"closed","ping_status":"open","template":"","meta":{"_acf_changed":false,"inline_featured_image":false,"footnotes":""},"class_list":["post-834","page","type-page","status-publish","hentry"],"acf":[],"yoast_head":"<!-- This site is optimized with the Yoast SEO plugin v27.1.1 - https:\/\/yoast.com\/product\/yoast-seo-wordpress\/ -->\n<title>Imprint - Wege MVZ<\/title>\n<meta name=\"robots\" content=\"noindex, follow\" \/>\n<meta property=\"og:locale\" content=\"en_US\" \/>\n<meta property=\"og:type\" content=\"article\" \/>\n<meta property=\"og:title\" content=\"Imprint - Wege MVZ\" \/>\n<meta property=\"og:description\" content=\"MVZ WEGE Bonn GmbH Villenstra\u00dfe 853129 Bonn Tel. +49 228 5306 202Fax +49 228 5306 205E-Mail:\u00a0info@wegemvz.org\u00a0\u00a0\u00a0 &nbsp; Handelsregister: HRB 17340Registergericht: Bonn\u00a0 &nbsp; Umsatzsteuer-Identifikationsnummer: DE266857541 &nbsp; Betriebsst\u00e4tten-Nr.: 275366500 &nbsp; Vertretungsberechtigt: &nbsp; Gesch\u00e4ftsf\u00fchrer: Allen, Michael John, Mailand \/ Italien Gesch\u00e4ftsf\u00fchrer: Klenner, Lutz, Mainz &nbsp; Zust\u00e4ndige Aufsichtsbeh\u00f6rde: &nbsp; Dies sind als &nbsp; Untere Aufsichtsbeh\u00f6rde: &nbsp; Kassen\u00e4rztliche Vereinigung Nordrhein [&hellip;]\" \/>\n<meta property=\"og:url\" content=\"https:\/\/wegemvz.com\/en\/imprint\/\" \/>\n<meta property=\"og:site_name\" content=\"Wege MVZ\" \/>\n<meta property=\"article:modified_time\" content=\"2025-02-03T14:36:50+00:00\" \/>\n<meta name=\"twitter:card\" content=\"summary_large_image\" \/>\n<meta name=\"twitter:label1\" content=\"Est. reading time\" \/>\n\t<meta name=\"twitter:data1\" content=\"3 minutes\" \/>\n<script type=\"application\/ld+json\" class=\"yoast-schema-graph\">{\"@context\":\"https:\/\/schema.org\",\"@graph\":[{\"@type\":\"WebPage\",\"@id\":\"https:\/\/wegemvz.com\/en\/imprint\/\",\"url\":\"https:\/\/wegemvz.com\/en\/imprint\/\",\"name\":\"Imprint - Wege MVZ\",\"isPartOf\":{\"@id\":\"https:\/\/wegemvz.com\/en\/#website\"},\"datePublished\":\"2024-02-15T09:10:45+00:00\",\"dateModified\":\"2025-02-03T14:36:50+00:00\",\"breadcrumb\":{\"@id\":\"https:\/\/wegemvz.com\/en\/imprint\/#breadcrumb\"},\"inLanguage\":\"en-US\",\"potentialAction\":[{\"@type\":\"ReadAction\",\"target\":[\"https:\/\/wegemvz.com\/en\/imprint\/\"]}]},{\"@type\":\"BreadcrumbList\",\"@id\":\"https:\/\/wegemvz.com\/en\/imprint\/#breadcrumb\",\"itemListElement\":[{\"@type\":\"ListItem\",\"position\":1,\"name\":\"Home\",\"item\":\"https:\/\/wegemvz.com\/en\/\"},{\"@type\":\"ListItem\",\"position\":2,\"name\":\"Imprint\"}]},{\"@type\":\"WebSite\",\"@id\":\"https:\/\/wegemvz.com\/en\/#website\",\"url\":\"https:\/\/wegemvz.com\/en\/\",\"name\":\"Wege MVZ\",\"description\":\"\",\"potentialAction\":[{\"@type\":\"SearchAction\",\"target\":{\"@type\":\"EntryPoint\",\"urlTemplate\":\"https:\/\/wegemvz.com\/en\/?s={search_term_string}\"},\"query-input\":{\"@type\":\"PropertyValueSpecification\",\"valueRequired\":true,\"valueName\":\"search_term_string\"}}],\"inLanguage\":\"en-US\"}]}<\/script>\n<!-- \/ Yoast SEO plugin. -->","yoast_head_json":{"title":"Imprint - Wege MVZ","robots":{"index":"noindex","follow":"follow"},"og_locale":"en_US","og_type":"article","og_title":"Imprint - Wege MVZ","og_description":"MVZ WEGE Bonn GmbH Villenstra\u00dfe 853129 Bonn Tel. +49 228 5306 202Fax +49 228 5306 205E-Mail:\u00a0info@wegemvz.org\u00a0\u00a0\u00a0 &nbsp; Handelsregister: HRB 17340Registergericht: Bonn\u00a0 &nbsp; Umsatzsteuer-Identifikationsnummer: DE266857541 &nbsp; Betriebsst\u00e4tten-Nr.: 275366500 &nbsp; Vertretungsberechtigt: &nbsp; Gesch\u00e4ftsf\u00fchrer: Allen, Michael John, Mailand \/ Italien Gesch\u00e4ftsf\u00fchrer: Klenner, Lutz, Mainz &nbsp; Zust\u00e4ndige Aufsichtsbeh\u00f6rde: &nbsp; Dies sind als &nbsp; Untere Aufsichtsbeh\u00f6rde: &nbsp; Kassen\u00e4rztliche Vereinigung Nordrhein [&hellip;]","og_url":"https:\/\/wegemvz.com\/en\/imprint\/","og_site_name":"Wege MVZ","article_modified_time":"2025-02-03T14:36:50+00:00","twitter_card":"summary_large_image","twitter_misc":{"Est. reading time":"3 minutes"},"schema":{"@context":"https:\/\/schema.org","@graph":[{"@type":"WebPage","@id":"https:\/\/wegemvz.com\/en\/imprint\/","url":"https:\/\/wegemvz.com\/en\/imprint\/","name":"Imprint - Wege MVZ","isPartOf":{"@id":"https:\/\/wegemvz.com\/en\/#website"},"datePublished":"2024-02-15T09:10:45+00:00","dateModified":"2025-02-03T14:36:50+00:00","breadcrumb":{"@id":"https:\/\/wegemvz.com\/en\/imprint\/#breadcrumb"},"inLanguage":"en-US","potentialAction":[{"@type":"ReadAction","target":["https:\/\/wegemvz.com\/en\/imprint\/"]}]},{"@type":"BreadcrumbList","@id":"https:\/\/wegemvz.com\/en\/imprint\/#breadcrumb","itemListElement":[{"@type":"ListItem","position":1,"name":"Home","item":"https:\/\/wegemvz.com\/en\/"},{"@type":"ListItem","position":2,"name":"Imprint"}]},{"@type":"WebSite","@id":"https:\/\/wegemvz.com\/en\/#website","url":"https:\/\/wegemvz.com\/en\/","name":"Wege MVZ","description":"","potentialAction":[{"@type":"SearchAction","target":{"@type":"EntryPoint","urlTemplate":"https:\/\/wegemvz.com\/en\/?s={search_term_string}"},"query-input":{"@type":"PropertyValueSpecification","valueRequired":true,"valueName":"search_term_string"}}],"inLanguage":"en-US"}]}},"_links":{"self":[{"href":"https:\/\/wegemvz.com\/en\/wp-json\/wp\/v2\/pages\/834","targetHints":{"allow":["GET"]}}],"collection":[{"href":"https:\/\/wegemvz.com\/en\/wp-json\/wp\/v2\/pages"}],"about":[{"href":"https:\/\/wegemvz.com\/en\/wp-json\/wp\/v2\/types\/page"}],"author":[{"embeddable":true,"href":"https:\/\/wegemvz.com\/en\/wp-json\/wp\/v2\/users\/1"}],"replies":[{"embeddable":true,"href":"https:\/\/wegemvz.com\/en\/wp-json\/wp\/v2\/comments?post=834"}],"version-history":[{"count":1,"href":"https:\/\/wegemvz.com\/en\/wp-json\/wp\/v2\/pages\/834\/revisions"}],"predecessor-version":[{"id":835,"href":"https:\/\/wegemvz.com\/en\/wp-json\/wp\/v2\/pages\/834\/revisions\/835"}],"wp:attachment":[{"href":"https:\/\/wegemvz.com\/en\/wp-json\/wp\/v2\/media?parent=834"}],"curies":[{"name":"wp","href":"https:\/\/api.w.org\/{rel}","templated":true}]}}